{"id":906,"date":"2022-03-06T11:38:10","date_gmt":"2022-03-06T10:38:10","guid":{"rendered":"https:\/\/plan74.de\/baukonzepte\/?page_id=906"},"modified":"2022-03-08T23:18:52","modified_gmt":"2022-03-08T22:18:52","slug":"impressum","status":"publish","type":"page","link":"https:\/\/plan74.de\/baukonzepte\/impressum\/","title":{"rendered":"Impressum"},"content":{"rendered":"<p>[et_pb_section fb_built=&#8220;1&#8243; _builder_version=&#8220;4.10.8&#8243; _module_preset=&#8220;default&#8220; global_colors_info=&#8220;{}&#8220;][et_pb_row module_class=&#8220;contact-intro&#8220; _builder_version=&#8220;4.10.8&#8243; _module_preset=&#8220;default&#8220; width=&#8220;auto&#8220; max_width=&#8220;none&#8220; global_colors_info=&#8220;{}&#8220;][et_pb_column type=&#8220;4_4&#8243; _builder_version=&#8220;4.10.8&#8243; _module_preset=&#8220;default&#8220; global_colors_info=&#8220;{}&#8220;][et_pb_blurb title=&#8220;Impressum&#8220; _builder_version=&#8220;4.14.8&#8243; _module_preset=&#8220;default&#8220; header_level=&#8220;h1&#8243; header_text_align=&#8220;center&#8220; header_text_color=&#8220;#d49f00&#8243; body_line_height=&#8220;1.71em&#8220; use_background_color_gradient=&#8220;on&#8220; background_color_gradient_start=&#8220;#f9f9f9&#8243; background_color_gradient_end=&#8220;#eaeaea&#8220; background_color_gradient_type=&#8220;radial&#8220; custom_padding=&#8220;100px||400px||false|false&#8220; global_colors_info=&#8220;{}&#8220;][\/et_pb_blurb][\/et_pb_column][\/et_pb_row][\/et_pb_section][et_pb_section fb_built=&#8220;1&#8243; module_id=&#8220;textContainerWrapperLifted&#8220; _builder_version=&#8220;4.14.8&#8243; _module_preset=&#8220;default&#8220; global_colors_info=&#8220;{}&#8220;][et_pb_row module_class=&#8220;text-container&#8220; _builder_version=&#8220;4.14.8&#8243; _module_preset=&#8220;default&#8220; custom_padding=&#8220;44px|35px|50px|35px|false|false&#8220; hover_enabled=&#8220;0&#8243; border_width_all=&#8220;2px&#8220; border_color_all=&#8220;#dfdfdf&#8220; box_shadow_style=&#8220;preset2&#8243; global_colors_info=&#8220;{}&#8220; sticky_enabled=&#8220;0&#8243; custom_margin=&#8220;-138px||||false|false&#8220;][et_pb_column type=&#8220;4_4&#8243; _builder_version=&#8220;4.10.8&#8243; _module_preset=&#8220;default&#8220; global_colors_info=&#8220;{}&#8220;][et_pb_text _builder_version=&#8220;4.14.8&#8243; _module_preset=&#8220;default&#8220; hover_enabled=&#8220;0&#8243; global_colors_info=&#8220;{}&#8220; custom_margin=&#8220;0px||||false|false&#8220; sticky_enabled=&#8220;0&#8243;]<\/p>\n<p>Herausgeber\u00a0<\/p>\n<p><span>Baukonzepte<\/span><br \/><span>Die Firma plan74-Baukonzepte GmbH ist<\/span><br \/><span>ein Unternehmen der plan74-Gruppe, Mendig<\/span><br \/><span><\/span><\/p>\n<p><span>plan74-Baukonzepte GmbH<\/span><br \/><span>Auf dem steinigen Acker 1, 56736 Kottenheim<\/span><br \/><span>+49 (02651) 80579-69<\/span><\/p>\n<p><a href=\"mailto:baukonzepte@plan74.de\" contenteditable=\"false\" title=\"mailto:baukonzepte@plan74.de\">baukonzepte@plan74.de<\/a><br \/><span>www.plan74.de\/Baukonzepte\/<\/span><br \/><span><\/span><\/p>\n<p><span>registriert beim Amtsgericht Koblenz<\/span><br \/><span>Handelsregister Abteilung B: 28073<\/span><br \/><span>Gesch\u00e4ftsf\u00fchrer: <\/span><span class=\"searchHighlight\">Peter<\/span><span> <\/span><span class=\"searchHighlight\">Happ<\/span><\/p>\n<p>&nbsp;<\/p>\n<h3>Rechtliche Hinweise<\/h3>\n<p><strong>Marken<\/strong><br \/>Soweit nicht anders angegeben, sind s\u00e4mtliche auf dieser Website genannten Marken im Eigentum der Plan74 Gruppe und markenrechtlich gesch\u00fctzt.<\/p>\n<p><strong>Urheberrechte<\/strong><br \/>Copyright. Alle Rechte vorbehalten. S\u00e4mtliche auf dieser Website ver\u00f6ffentlichten Informationen, Dokumente oder Darstellungen, einschlie\u00dflich der Gestaltung dieser Website selbst, sind alleiniges Eigentum der Plan74 Gruppe und d\u00fcrfen nur verwendet werden, wenn auf allen Kopien ein Copyright-Vermerk erscheint, keine \u00c4nderungen vorgenommen und mit der Verwendung keine kommerziellen Zwecke verfolgt werden. Jede andere Vervielf\u00e4ltigung, \u00dcbertragung oder Verbreitung ist ohne die ausdr\u00fcckliche Erlaubnis der Plan74 Gruppe untersagt.<\/p>\n<p><strong>Haftung<\/strong><br \/>Die Plan74 Gruppe hat die Informationen auf dieser Website mit gr\u00f6\u00dfter Sorgfalt zusammengestellt. Die Plan74 Gruppe bem\u00fcht sich, die Informationen stetig zu aktualisieren. Trotz sorgf\u00e4ltigster Kontrolle kann eine Garantie f\u00fcr die Vollst\u00e4ndigkeit, Richtigkeit oder Aktualit\u00e4t der Informationen nicht gegeben werden. Die Plan74 Gruppe schlie\u00dft jede Haftung f\u00fcr die Richtigkeit, Vollst\u00e4ndigkeit und Aktualit\u00e4t der auf dieser Website ver\u00f6ffentlichten Informationen aus. Gleiches gilt insbesondere auch f\u00fcr allen anderen Websites, auf die mittels Hyperlink verwiesen wird. F\u00fcr den Inhalt der verlinkten Websites sind ausschlie\u00dflich die Betreiber verantwortlich.<br \/>Die Plan74 Gruppe schlie\u00dft daher jegliche Haftung f\u00fcr den Inhalt verlinkter Websites aus. Die Plan74 Gruppe beh\u00e4lt sich das Recht vor, \u00c4nderungen oder Erg\u00e4nzungen der bereitgestellten Informationen vorzunehmen. Soweit diese Website in die Zukunft gerichtete Aussagen enth\u00e4lt, stellen diese Aussagen Annahmen des Managements der Plan74 Gruppe dar, die bekannten sowie unbekannten Risiken und Ungewissheiten unterliegen. Die Plan74 Gruppehaftet daher nicht f\u00fcr in die Zukunft gerichtete Aussagen.<\/p>\n<p>Die Plan74 Gruppe \u00fcbernimmt keine Verpflichtung, in die Zukunft gerichtete Aussagen zu aktualisieren.Online-Beilegung verbraucherrechtlicher Streitigkeiten Wir weisen Verbraucher im Sinne von \u00a7 13 BGB auf folgendes Portal zur alternativen Streitbeilegung hin: ec.europa.eu\/consumers\/odr\/ (Verordnung (EU) Nr. 524\/2013 \u00fcber die Online-Beilegung verbraucherrechtlicher Streitigkeiten, kurz: ODR-Verordnung.) Die Plan74 Gruppe ist nicht bereit und nicht verpflichtet, an einem Streitbeilegungsverfahren vor einer Verbraucherschlichtungsstelle teilzunehmen.<\/p>\n<p>[\/et_pb_text][\/et_pb_column][\/et_pb_row][\/et_pb_section]<\/p>\n","protected":false},"excerpt":{"rendered":"<p>Herausgeber\u00a0 BaukonzepteDie Firma plan74-Baukonzepte GmbH istein Unternehmen der plan74-Gruppe, Mendig plan74-Baukonzepte GmbHAuf dem steinigen Acker 1, 56736 Kottenheim+49 (02651) 80579-69 baukonzepte@plan74.dewww.plan74.de\/Baukonzepte\/ registriert beim Amtsgericht KoblenzHandelsregister Abteilung B: 28073Gesch\u00e4ftsf\u00fchrer: Peter Happ &nbsp; Rechtliche Hinweise MarkenSoweit nicht anders angegeben, sind s\u00e4mtliche auf dieser Website genannten Marken im Eigentum der Plan74 Gruppe und markenrechtlich gesch\u00fctzt. UrheberrechteCopyright. Alle Rechte [&hellip;]<\/p>\n","protected":false},"author":1,"featured_media":0,"parent":0,"menu_order":0,"comment_status":"closed","ping_status":"closed","template":"","meta":{"_et_pb_use_builder":"on","_et_pb_old_content":"","_et_gb_content_width":"","footnotes":""},"class_list":["post-906","page","type-page","status-publish","hentry"],"_links":{"self":[{"href":"https:\/\/plan74.de\/baukonzepte\/wp-json\/wp\/v2\/pages\/906","targetHints":{"allow":["GET"]}}],"collection":[{"href":"https:\/\/plan74.de\/baukonzepte\/wp-json\/wp\/v2\/pages"}],"about":[{"href":"https:\/\/plan74.de\/baukonzepte\/wp-json\/wp\/v2\/types\/page"}],"author":[{"embeddable":true,"href":"https:\/\/plan74.de\/baukonzepte\/wp-json\/wp\/v2\/users\/1"}],"replies":[{"embeddable":true,"href":"https:\/\/plan74.de\/baukonzepte\/wp-json\/wp\/v2\/comments?post=906"}],"version-history":[{"count":4,"href":"https:\/\/plan74.de\/baukonzepte\/wp-json\/wp\/v2\/pages\/906\/revisions"}],"predecessor-version":[{"id":1017,"href":"https:\/\/plan74.de\/baukonzepte\/wp-json\/wp\/v2\/pages\/906\/revisions\/1017"}],"wp:attachment":[{"href":"https:\/\/plan74.de\/baukonzepte\/wp-json\/wp\/v2\/media?parent=906"}],"curies":[{"name":"wp","href":"https:\/\/api.w.org\/{rel}","templated":true}]}}