{"id":939,"date":"2022-03-06T20:15:49","date_gmt":"2022-03-06T19:15:49","guid":{"rendered":"https:\/\/plan74.de\/baukonzepte\/?page_id=939"},"modified":"2022-11-28T15:10:23","modified_gmt":"2022-11-28T14:10:23","slug":"startseite","status":"publish","type":"page","link":"https:\/\/plan74.de\/baukonzepte\/","title":{"rendered":"Startseite"},"content":{"rendered":"<p>[et_pb_section fb_built=&#8220;1&#8243; _builder_version=&#8220;4.16&#8243; _module_preset=&#8220;default&#8220; global_colors_info=&#8220;{}&#8220;][et_pb_row _builder_version=&#8220;4.16&#8243; _module_preset=&#8220;default&#8220; global_colors_info=&#8220;{}&#8220;][et_pb_column type=&#8220;4_4&#8243; _builder_version=&#8220;4.16&#8243; _module_preset=&#8220;default&#8220; global_colors_info=&#8220;{}&#8220;][et_pb_text _builder_version=&#8220;4.16&#8243; _module_preset=&#8220;default&#8220; global_colors_info=&#8220;{}&#8220;]<\/p>\n<h2>Unsere Systeml\u00f6sungen im Baugewerbe<\/h2>\n<p>[\/et_pb_text][\/et_pb_column][\/et_pb_row][et_pb_row column_structure=&#8220;1_2,1_2&#8243; _builder_version=&#8220;4.16&#8243; _module_preset=&#8220;default&#8220; global_colors_info=&#8220;{}&#8220;][et_pb_column type=&#8220;1_2&#8243; _builder_version=&#8220;4.16&#8243; _module_preset=&#8220;default&#8220; global_colors_info=&#8220;{}&#8220;][et_pb_blurb title=&#8220;ArriDomus-Bausystem&#8220; image=&#8220;http:\/\/plan74.de\/baukonzepte\/wp-content\/uploads\/sites\/3\/2022\/03\/plan74-arridomus.jpg&#8220; _builder_version=&#8220;4.16&#8243; _module_preset=&#8220;default&#8220; global_colors_info=&#8220;{}&#8220;]<\/p>\n<p><span>Mit ArriDomus &#8211; dem Haus mit dem L\u00e4cheln &#8211; bekommen Sie nicht nur ein au\u00dfergew\u00f6hnlich komfortables, nachhaltiges und energieeffizientes Geb\u00e4ude, es ist zudem \u00e4u\u00dferst flexibel in der Nutzung und kann Sie in jedem Lebensabschnitt begleiten: Ob Sie als junge Familie nach einem wandelbaren Familienheim suchen, die Kinder bereits aus dem Haus sind, Sie mit Freunden ihren Lebensabend genie\u00dfen m\u00f6chten, ob Sie ein gem\u00fctliches Ferienhaus Ihr Eigen nennen m\u00f6chten oder ob Sie ein modernes B\u00fcro-, Praxis- oder Ladenlokal w\u00fcnschen. F\u00fcr all diese Anwendungszwecke eignet sich das Haus mit dem L\u00e4cheln. Ja, sogar als Investor eines Ferienparks oder als Erweiterung Ihrer vorhandenen Hotelanlage finden Sie das passende ArriDomus-Format: Doch sehen Sie selbst&#8230;<\/span><\/p>\n<p>[\/et_pb_blurb][et_pb_button button_url=&#8220;https:\/\/www.arridomus.de\/&#8220; url_new_window=&#8220;on&#8220; button_text=&#8220;Zur ArriDomus Website&#8220; _builder_version=&#8220;4.17.6&#8243; _module_preset=&#8220;default&#8220; custom_button=&#8220;on&#8220; button_text_size=&#8220;14px&#8220; button_bg_color=&#8220;#e09900&#8243; button_border_width=&#8220;0px&#8220; custom_margin=&#8220;||0px||false|false&#8220;][\/et_pb_button][\/et_pb_column][et_pb_column type=&#8220;1_2&#8243; _builder_version=&#8220;4.17.6&#8243; _module_preset=&#8220;default&#8220; global_colors_info=&#8220;{}&#8220;][et_pb_blurb title=&#8220;Balance-Bausystem&#8220; image=&#8220;http:\/\/plan74.de\/baukonzepte\/wp-content\/uploads\/sites\/3\/2022\/03\/plan74-balance-bausysteme_v2.jpg&#8220; _builder_version=&#8220;4.16&#8243; _module_preset=&#8220;default&#8220; global_colors_info=&#8220;{}&#8220;]<\/p>\n<p><span>Das BalanceBausystem ist ein modulares Bausystem f\u00fcr serielle Geb\u00e4ude wie z.B. B\u00fcrogeb\u00e4ude, Studentenwohnheime, Bettenh\u00e4user etc. Die Grundrisse k\u00f6nnen unter Ber\u00fccksichtigung der fixen Rasterma\u00dfe relativ frei gestaltet werden. Die vorgefertigten Bauelemente werden an die Baustelle geliefert, montiert und mit dem individuellen Innenausbau versehen.<\/span><br \/><span>Beispielgrundrisse, standardisierte Details und festgelegte Verfahren sorgen f\u00fcr kurze Bauzeiten und niedrige Kosten. Die einzelnen Bauelemente bestehen aus nachwachsenden Rohstoffen und k\u00f6nnen \u00fcberall dort eingesetzt werden, wo Geb\u00e4ude bis zu drei Etagen geplant sind.<\/span><\/p>\n<p>[\/et_pb_blurb][\/et_pb_column][\/et_pb_row][et_pb_row column_structure=&#8220;1_2,1_2&#8243; _builder_version=&#8220;4.16&#8243; _module_preset=&#8220;default&#8220; global_colors_info=&#8220;{}&#8220;][et_pb_column type=&#8220;1_2&#8243; _builder_version=&#8220;4.16&#8243; _module_preset=&#8220;default&#8220; global_colors_info=&#8220;{}&#8220;][et_pb_blurb title=&#8220;CombiConstruct-Bausystem&#8220; image=&#8220;http:\/\/plan74.de\/baukonzepte\/wp-content\/uploads\/sites\/3\/2022\/03\/plan74-comibconstruct.jpg&#8220; _builder_version=&#8220;4.16&#8243; _module_preset=&#8220;default&#8220; global_colors_info=&#8220;{}&#8220;]<\/p>\n<p><span>Die Bauserie CombiConstruct kommt \u00fcberall dort zum Einsatz, wo das BalanceBausystem an seine Grenzen st\u00f6\u00dft. Sei es wegen unregelm\u00e4\u00dfiger Gestaltung, Geb\u00e4udeh\u00f6hen mit mehr als drei Geschossen oder aus brandschutztechnischen Erw\u00e4gungen. <\/span><br \/><span>Der Namesbestandteil Combi verr\u00e4t es bereits: Es handelt sich um eine Mischform mit tragenden Bauteilen aus Stahlbeton sowie raumabschlie\u00dfenden Fassadentafeln aus Holzrahmenbau-Elementen. Auch hier werden wieder standardisierte Elemente, z.B. Treppenh\u00e4user mit Aufzug, St\u00fctzen-Unterzug-Decken-Systeme sowie Holzrahmenbauteile eingesetzt. Es wird weitestgehend mit Fertigteilen agiert, um die Montage vor Ort schnell und einfach und damit kosteng\u00fcnstig zu gestalten. Der weitere Innenausbau erfolgt individuell mit Trockenbauw\u00e4nden und Oberfl\u00e4chen nach Wahl der Kunden.<\/span><\/p>\n<p>[\/et_pb_blurb][\/et_pb_column][et_pb_column type=&#8220;1_2&#8243; _builder_version=&#8220;4.16&#8243; _module_preset=&#8220;default&#8220; global_colors_info=&#8220;{}&#8220;][et_pb_blurb title=&#8220;DomoInvest-Bausystem&#8220; image=&#8220;http:\/\/plan74.de\/baukonzepte\/wp-content\/uploads\/sites\/3\/2022\/03\/plan74-domoinvest_v2.jpg&#8220; _builder_version=&#8220;4.16&#8243; _module_preset=&#8220;default&#8220; global_colors_info=&#8220;{}&#8220;]<\/p>\n<p><span>Mit DomoInvest bietet die plan74-<\/span><span class=\"searchHighlight\">Baukonzepte<\/span><span> GmbH fertig durchkonstruierte Mehrfamilienh\u00e4user mit und ohne Tiefgarage und Aufzug zum Festpreis an. Langlebige, pflegeleichte und energieeffiziente L\u00f6sungen sorgen f\u00fcr geringe Betriebs- und Unterhaltungskosten. Die hohe Ausf\u00fchrungsqualit\u00e4t und der gesteigerte Wohnkomfort in Verbindung mit einem wohngesunden Raumklima erfreut die Mieter und mindert die Fluktuation. Auf Grund der Ausf\u00fchrung als Effizienzhaus 40 plus sind hohe F\u00f6rderquoten m\u00f6glich, dies kann durch zukunftsweisende Anlagentechnik noch gesteigert werden. Wollen Sie als Investor gleich mehrere Mehrfamilienh\u00e4user auf einem oder mehreren benachbarten Grundst\u00fccken zusammenfassen, so sollten Sie uns auf unsere Quartiersl\u00f6sungen bis hin zum Contracting ansprechen.<\/span><\/p>\n<p>[\/et_pb_blurb][\/et_pb_column][\/et_pb_row][et_pb_row column_structure=&#8220;1_2,1_2&#8243; _builder_version=&#8220;4.16&#8243; _module_preset=&#8220;default&#8220; global_colors_info=&#8220;{}&#8220;][et_pb_column type=&#8220;1_2&#8243; _builder_version=&#8220;4.16&#8243; _module_preset=&#8220;default&#8220; global_colors_info=&#8220;{}&#8220;][et_pb_blurb title=&#8220;EconomyPlus-Bausystem&#8220; image=&#8220;http:\/\/plan74.de\/baukonzepte\/wp-content\/uploads\/sites\/3\/2022\/03\/plan74-ecossystem.jpg&#8220; _builder_version=&#8220;4.16&#8243; _module_preset=&#8220;default&#8220; global_colors_info=&#8220;{}&#8220;]<\/p>\n<p>Mit dem Bausystem EconomyPlus k\u00f6nnen wir basierend auf den Systemhallen unseres Partners LIGNA systems aus Belgien s\u00e4mtliche Industrie-, Gewerbe- und Sporthallen anbieten. Die Tragstruktur einschlie\u00dflich einiger cleverer Details liefert dabei LIGNA systems, w\u00e4hrend der Entwurf, der Bauantrag sowie die Montage, die Fassaden- und Dachbekleidungen und der komplette Innenausbau einschlie\u00dflich der Technischen Geb\u00e4udeausr\u00fcstung von der plan74-Baukonzepte GmbH stammen. Ein tolles Konzept f\u00fcr zukunftsweisendes und nachhaltiges Bauen f\u00fcr alle Arten von Nichtwohngeb\u00e4uden. Sprechen Sie uns an!<\/p>\n<p>[\/et_pb_blurb][\/et_pb_column][et_pb_column type=&#8220;1_2&#8243; _builder_version=&#8220;4.16&#8243; _module_preset=&#8220;default&#8220; global_colors_info=&#8220;{}&#8220;][et_pb_blurb title=&#8220;FlexiDomus-Bausystem&#8220; image=&#8220;http:\/\/plan74.de\/baukonzepte\/wp-content\/uploads\/sites\/3\/2022\/10\/FlexiDomus_1-1.jpg&#8220; _builder_version=&#8220;4.19.1&#8243; _module_preset=&#8220;default&#8220; global_colors_info=&#8220;{}&#8220;]<\/p>\n<p>Das FlexiDomus ist der Baukasten f\u00fcr besonders flexible und zeitgem\u00e4\u00dfe eingeschossige Geb\u00e4ude mit unendlich vielen Kombinationsm\u00f6glichkeiten. Lassen Sie sich von uns inspirieren und erf\u00fcllen Sie sich Ihren Traum vom eigenen Wohnhaus, einer separaten Werkstatt, einem Ferienhaus oder einem Homeoffice.<\/p>\n<p>[\/et_pb_blurb][\/et_pb_column][\/et_pb_row][\/et_pb_section]<\/p>\n","protected":false},"excerpt":{"rendered":"<p>Unsere Systeml\u00f6sungen im BaugewerbeMit ArriDomus &#8211; dem Haus mit dem L\u00e4cheln &#8211; bekommen Sie nicht nur ein au\u00dfergew\u00f6hnlich komfortables, nachhaltiges und energieeffizientes Geb\u00e4ude, es ist zudem \u00e4u\u00dferst flexibel in der Nutzung und kann Sie in jedem Lebensabschnitt begleiten: Ob Sie als junge Familie nach einem wandelbaren Familienheim suchen, die Kinder bereits aus dem Haus sind, [&hellip;]<\/p>\n","protected":false},"author":1,"featured_media":0,"parent":0,"menu_order":0,"comment_status":"closed","ping_status":"closed","template":"","meta":{"_et_pb_use_builder":"on","_et_pb_old_content":"","_et_gb_content_width":"","footnotes":""},"class_list":["post-939","page","type-page","status-publish","hentry"],"_links":{"self":[{"href":"https:\/\/plan74.de\/baukonzepte\/wp-json\/wp\/v2\/pages\/939","targetHints":{"allow":["GET"]}}],"collection":[{"href":"https:\/\/plan74.de\/baukonzepte\/wp-json\/wp\/v2\/pages"}],"about":[{"href":"https:\/\/plan74.de\/baukonzepte\/wp-json\/wp\/v2\/types\/page"}],"author":[{"embeddable":true,"href":"https:\/\/plan74.de\/baukonzepte\/wp-json\/wp\/v2\/users\/1"}],"replies":[{"embeddable":true,"href":"https:\/\/plan74.de\/baukonzepte\/wp-json\/wp\/v2\/comments?post=939"}],"version-history":[{"count":24,"href":"https:\/\/plan74.de\/baukonzepte\/wp-json\/wp\/v2\/pages\/939\/revisions"}],"predecessor-version":[{"id":1195,"href":"https:\/\/plan74.de\/baukonzepte\/wp-json\/wp\/v2\/pages\/939\/revisions\/1195"}],"wp:attachment":[{"href":"https:\/\/plan74.de\/baukonzepte\/wp-json\/wp\/v2\/media?parent=939"}],"curies":[{"name":"wp","href":"https:\/\/api.w.org\/{rel}","templated":true}]}}